{"id":5446,"date":"2023-09-07T21:17:28","date_gmt":"2023-09-07T21:17:28","guid":{"rendered":"https:\/\/c2182145.ferozo.com\/?page_id=5446"},"modified":"2023-11-21T12:23:59","modified_gmt":"2023-11-21T12:23:59","slug":"residentes","status":"publish","type":"page","link":"https:\/\/iealitoral.com\/en\/residentes\/","title":{"rendered":"RESIDENTS"},"content":{"rendered":"<div data-elementor-type=\"wp-page\" data-elementor-id=\"5446\" class=\"elementor elementor-5446\" data-elementor-post-type=\"page\">\n\t\t\t\t        <section class=\"elementor-section elementor-top-section elementor-element elementor-element-9f370f8 elementor-section-full_width elementor-section-stretched elementor-section-height-default elementor-section-height-default ct-header-fixed-none ct-row-max-none\" data-id=\"9f370f8\" data-element_type=\"section\" data-settings=\"{&quot;stretch_section&quot;:&quot;section-stretched&quot;,&quot;background_background&quot;:&quot;classic&quot;}\">\n            \n                        <div class=\"elementor-container elementor-column-gap-default\">\n                    <div class=\"elementor-column elementor-col-100 elementor-top-column elementor-element elementor-element-b7c8c02\" data-id=\"b7c8c02\" data-element_type=\"column\">\n        <div class=\"elementor-widget-wrap elementor-element-populated\">\n                    \n                <section class=\"elementor-section elementor-inner-section elementor-element elementor-element-fe048c2 elementor-section-boxed elementor-section-height-default elementor-section-height-default ct-header-fixed-none ct-row-max-none\" data-id=\"fe048c2\" data-element_type=\"section\">\n            \n                        <div class=\"elementor-container elementor-column-gap-default\">\n                    <div class=\"elementor-column elementor-col-100 elementor-inner-column elementor-element elementor-element-5da7b6c\" data-id=\"5da7b6c\" data-element_type=\"column\">\n        <div class=\"elementor-widget-wrap elementor-element-populated\">\n                    \n        \t\t<div class=\"elementor-element elementor-element-4617bbc elementor-widget elementor-widget-heading\" data-id=\"4617bbc\" data-element_type=\"widget\" data-widget_type=\"heading.default\">\n\t\t\t\t<div class=\"elementor-widget-container\">\n\t\t\t<h4 class=\"elementor-heading-title elementor-size-default\">RESIDENTS<\/h4>\t\t<\/div>\n\t\t\t\t<\/div>\n\t\t            <\/div>\n        <\/div>\n                    <\/div>\n        <\/section>\n                    <\/div>\n        <\/div>\n                    <\/div>\n        <\/section>\n                <section class=\"elementor-section elementor-top-section elementor-element elementor-element-c7a4443 elementor-section-boxed elementor-section-height-default elementor-section-height-default ct-header-fixed-none ct-row-max-none\" data-id=\"c7a4443\" data-element_type=\"section\" data-settings=\"{&quot;background_background&quot;:&quot;classic&quot;}\">\n            \n                        <div class=\"elementor-container elementor-column-gap-extended\">\n                    <div class=\"elementor-column elementor-col-100 elementor-top-column elementor-element elementor-element-cf965f1\" data-id=\"cf965f1\" data-element_type=\"column\">\n        <div class=\"elementor-widget-wrap elementor-element-populated\">\n                    \n        \t\t<div class=\"elementor-element elementor-element-98107d7 elementor-widget elementor-widget-ct_heading\" data-id=\"98107d7\" data-element_type=\"widget\" data-widget_type=\"ct_heading.default\">\n\t\t\t\t<div class=\"elementor-widget-container\">\n\t\t\t<div id=\"ct_heading-98107d7\" class=\"ct-heading h-align- sub-style1 ct-heading-left item-st-default\">\r\n\t<div class=\"ct-item--inner\">\r\n        <div class=\"ct-inline-css\"  data-css=\"            \">\r\n        <\/div>\r\n                <h3 class=\"item--title st-default case-animate-time\" data-wow-delay=\"ms\">\r\n                        <span class=\"sp-main\">\r\n                \r\n                RESIDENTS\r\n                \r\n                            <\/span>\r\n                    <\/h3>\r\n    <\/div>\r\n<\/div>\t\t<\/div>\n\t\t\t\t<\/div>\n\t\t        <section class=\"elementor-section elementor-inner-section elementor-element elementor-element-a9f15c3 elementor-section-boxed elementor-section-height-default elementor-section-height-default ct-header-fixed-none ct-row-max-none\" data-id=\"a9f15c3\" data-element_type=\"section\">\n            \n                        <div class=\"elementor-container elementor-column-gap-default\">\n                    <div class=\"elementor-column elementor-col-50 elementor-inner-column elementor-element elementor-element-f8be9d2\" data-id=\"f8be9d2\" data-element_type=\"column\">\n        <div class=\"elementor-widget-wrap elementor-element-populated\">\n                    \n        \t\t<div class=\"elementor-element elementor-element-10530bc elementor-widget elementor-widget-ct_text_editor\" data-id=\"10530bc\" data-element_type=\"widget\" data-widget_type=\"ct_text_editor.default\">\n\t\t\t\t<div class=\"elementor-widget-container\">\n\t\t\t<div id=\"ct_text_editor-10530bc\" class=\"ct-text-editor\" data-wow-delay=\"ms\">\n\t<div class=\"ct-item--inner\">\n\t\t<div class=\"ct-inline-css\"  data-css=\"\t        \t\t\t\">\n\n\t    <\/div>\n\t\t<div class=\"ct-text-editor elementor-clearfix\">\n\t\t\t<p>In the IEA Litoral there are two types of categories of individual resident researchers:<\/p>\t\t\n\t\t<\/div>\n\t<\/div>\n<\/div>\t\t<\/div>\n\t\t\t\t<\/div>\n\t\t            <\/div>\n        <\/div>\n                <div class=\"elementor-column elementor-col-50 elementor-inner-column elementor-element elementor-element-9864ad1\" data-id=\"9864ad1\" data-element_type=\"column\">\n        <div class=\"elementor-widget-wrap\">\n                    \n                    <\/div>\n        <\/div>\n                    <\/div>\n        <\/section>\n                <section class=\"elementor-section elementor-inner-section elementor-element elementor-element-3105ac9 elementor-section-boxed elementor-section-height-default elementor-section-height-default ct-header-fixed-none ct-row-max-none\" data-id=\"3105ac9\" data-element_type=\"section\">\n            \n                        <div class=\"elementor-container elementor-column-gap-default\">\n                    <div class=\"elementor-column elementor-col-50 elementor-inner-column elementor-element elementor-element-ee7ae8f\" data-id=\"ee7ae8f\" data-element_type=\"column\">\n        <div class=\"elementor-widget-wrap elementor-element-populated\">\n                    \n        \t\t<div class=\"elementor-element elementor-element-9a07de8 elementor-widget elementor-widget-ct_text_editor\" data-id=\"9a07de8\" data-element_type=\"widget\" data-widget_type=\"ct_text_editor.default\">\n\t\t\t\t<div class=\"elementor-widget-container\">\n\t\t\t<div id=\"ct_text_editor-9a07de8\" class=\"ct-text-editor\" data-wow-delay=\"ms\">\n\t<div class=\"ct-item--inner\">\n\t\t<div class=\"ct-inline-css\"  data-css=\"\t        \t\t\t\">\n\n\t    <\/div>\n\t\t<div class=\"ct-text-editor elementor-clearfix\">\n\t\t\t<p><span style=\"letter-spacing: 0px\">1 - Resident senior researchers, who credit 10 years of continuous research after the date of obtaining their doctorate or 5 years from the date of completion of their post-doc. Resident senior researchers who belong to a scientific discipline and do not have a doctorate degree or who do not demonstrate dedication to research through research projects financed by institutions accredited in the sector can not be considered as senior resident researchers. Within this category there are also resident researchers at the end of their studies, for those who have the retirement benefit at the time of residency; Resident researchers who develop in the IEA Litoral their sabbatical year in their academic institutions of provenience.<\/span><\/p><p>2 - Resident junior researchers, who have completed more between 5 and 10 years from the defense of their doctoral thesis and no more than 5 years after completing their postdoctorate and do not have more than 45 years of age.<\/p><p>In addition to individual residents, the IEA Litoral receives research groups every year for short stays.<\/p><p><strong><a href=\"https:\/\/iealitoral.com\/en\/derechos-y-obligaciones-de-los-residentes\/\">RIGHTS AND OBLIGATIONS OF RESIDENTS<\/a><\/strong><\/p>\t\t\n\t\t<\/div>\n\t<\/div>\n<\/div>\t\t<\/div>\n\t\t\t\t<\/div>\n\t\t            <\/div>\n        <\/div>\n                <div class=\"elementor-column elementor-col-50 elementor-inner-column elementor-element elementor-element-2e364cb\" data-id=\"2e364cb\" data-element_type=\"column\">\n        <div class=\"elementor-widget-wrap elementor-element-populated\">\n                    \n        \t\t<div class=\"elementor-element elementor-element-142a3f4 elementor-invisible elementor-widget elementor-widget-image\" data-id=\"142a3f4\" data-element_type=\"widget\" data-settings=\"{&quot;_animation&quot;:&quot;fadeInRight&quot;,&quot;_animation_mobile&quot;:&quot;fadeInUp&quot;}\" data-widget_type=\"image.default\">\n\t\t\t\t<div class=\"elementor-widget-container\">\n\t\t\t\t\t\t\t\t\t\t\t\t\t<img fetchpriority=\"high\" decoding=\"async\" width=\"461\" height=\"433\" src=\"https:\/\/iealitoral.com\/wp-content\/uploads\/2023\/09\/PanoramicasSFC13-1024x576_vga-e1694788792838.jpg\" class=\"attachment-large size-large wp-image-7288\" alt=\"Residentes\" \/>\t\t\t\t\t\t\t\t\t\t\t\t\t<\/div>\n\t\t\t\t<\/div>\n\t\t            <\/div>\n        <\/div>\n                    <\/div>\n        <\/section>\n        \t\t<div class=\"elementor-element elementor-element-635e14f elementor-absolute elementor-widget elementor-widget-image\" data-id=\"635e14f\" data-element_type=\"widget\" data-settings=\"{&quot;_position&quot;:&quot;absolute&quot;}\" data-widget_type=\"image.default\">\n\t\t\t\t<div class=\"elementor-widget-container\">\n\t\t\t\t\t\t\t\t\t\t\t\t\t<img decoding=\"async\" width=\"640\" height=\"640\" src=\"https:\/\/iealitoral.com\/wp-content\/uploads\/2023\/09\/Home-05-1024x1024.png\" class=\"attachment-large size-large wp-image-5236\" alt=\"\" \/>\t\t\t\t\t\t\t\t\t\t\t\t\t<\/div>\n\t\t\t\t<\/div>\n\t\t            <\/div>\n        <\/div>\n                    <\/div>\n        <\/section>\n        \t\t<\/div>","protected":false},"excerpt":{"rendered":"<p>RESIDENTES RESIDENTES En el IEA Litoral existen dos tipos de categor\u00edas de investigadores residentes individuales: 1 &#8211; Investigadores residentes seniors, quienes acrediten 10 a\u00f1os continuos de investigaci\u00f3n luego de la [&hellip;]<\/p>","protected":false},"author":3,"featured_media":5341,"parent":0,"menu_order":0,"comment_status":"closed","ping_status":"closed","template":"","meta":{"footnotes":""},"class_list":["post-5446","page","type-page","status-publish","has-post-thumbnail","hentry"],"yoast_head":"<!-- This site is optimized with the Yoast SEO plugin v23.9 - https:\/\/yoast.com\/wordpress\/plugins\/seo\/ -->\n<title>Residentes - IEA Litoral<\/title>\n<meta name=\"description\" content=\"Residentes - IEA Litoral - Instituto de Estudios Avanzados del Litoral - Objetivo: Conformar una comunidad acad\u00e9mica internacional.\" \/>\n<meta name=\"robots\" content=\"index, follow, max-snippet:-1, max-image-preview:large, max-video-preview:-1\" \/>\n<link rel=\"canonical\" href=\"https:\/\/iealitoral.com\/en\/residentes\/\" \/>\n<meta property=\"og:locale\" content=\"en_GB\" \/>\n<meta property=\"og:type\" content=\"article\" \/>\n<meta property=\"og:title\" content=\"Residentes - IEA Litoral\" \/>\n<meta property=\"og:description\" content=\"Residentes - IEA Litoral - Instituto de Estudios Avanzados del Litoral - Objetivo: Conformar una comunidad acad\u00e9mica internacional.\" \/>\n<meta property=\"og:url\" content=\"https:\/\/iealitoral.com\/en\/residentes\/\" \/>\n<meta property=\"og:site_name\" content=\"IEA Litoral\" \/>\n<meta property=\"article:publisher\" content=\"https:\/\/www.facebook.com\/UNLitoralAr\/\" \/>\n<meta property=\"article:modified_time\" content=\"2023-11-21T12:23:59+00:00\" \/>\n<meta property=\"og:image\" content=\"https:\/\/iealitoral.com\/wp-content\/uploads\/2023\/09\/IEA-ID-V3-1-44-1.png\" \/>\n\t<meta property=\"og:image:width\" content=\"417\" \/>\n\t<meta property=\"og:image:height\" content=\"417\" \/>\n\t<meta property=\"og:image:type\" content=\"image\/png\" \/>\n<meta name=\"twitter:card\" content=\"summary_large_image\" \/>\n<meta name=\"twitter:site\" content=\"@unlitoral\" \/>\n<meta name=\"twitter:label1\" content=\"Est. reading time\" \/>\n\t<meta name=\"twitter:data1\" content=\"2 minutes\" \/>\n<script type=\"application\/ld+json\" class=\"yoast-schema-graph\">{\"@context\":\"https:\/\/schema.org\",\"@graph\":[{\"@type\":\"WebPage\",\"@id\":\"https:\/\/iealitoral.com\/residentes\/\",\"url\":\"https:\/\/iealitoral.com\/residentes\/\",\"name\":\"Residentes - IEA Litoral\",\"isPartOf\":{\"@id\":\"https:\/\/iealitoral.com\/#website\"},\"primaryImageOfPage\":{\"@id\":\"https:\/\/iealitoral.com\/residentes\/#primaryimage\"},\"image\":{\"@id\":\"https:\/\/iealitoral.com\/residentes\/#primaryimage\"},\"thumbnailUrl\":\"https:\/\/iealitoral.com\/wp-content\/uploads\/2023\/09\/IEA-ID-V3-1-44-1.png\",\"datePublished\":\"2023-09-07T21:17:28+00:00\",\"dateModified\":\"2023-11-21T12:23:59+00:00\",\"description\":\"Residentes - IEA Litoral - Instituto de Estudios Avanzados del Litoral - Objetivo: Conformar una comunidad acad\u00e9mica internacional.\",\"breadcrumb\":{\"@id\":\"https:\/\/iealitoral.com\/residentes\/#breadcrumb\"},\"inLanguage\":\"en-GB\",\"potentialAction\":[{\"@type\":\"ReadAction\",\"target\":[\"https:\/\/iealitoral.com\/residentes\/\"]}]},{\"@type\":\"ImageObject\",\"inLanguage\":\"en-GB\",\"@id\":\"https:\/\/iealitoral.com\/residentes\/#primaryimage\",\"url\":\"https:\/\/iealitoral.com\/wp-content\/uploads\/2023\/09\/IEA-ID-V3-1-44-1.png\",\"contentUrl\":\"https:\/\/iealitoral.com\/wp-content\/uploads\/2023\/09\/IEA-ID-V3-1-44-1.png\",\"width\":417,\"height\":417,\"caption\":\"IEA Litoral\"},{\"@type\":\"BreadcrumbList\",\"@id\":\"https:\/\/iealitoral.com\/residentes\/#breadcrumb\",\"itemListElement\":[{\"@type\":\"ListItem\",\"position\":1,\"name\":\"Portada\",\"item\":\"https:\/\/iealitoral.com\/\"},{\"@type\":\"ListItem\",\"position\":2,\"name\":\"Residentes\"}]},{\"@type\":\"WebSite\",\"@id\":\"https:\/\/iealitoral.com\/#website\",\"url\":\"https:\/\/iealitoral.com\/\",\"name\":\"IEA Litoral\",\"description\":\"\",\"publisher\":{\"@id\":\"https:\/\/iealitoral.com\/#organization\"},\"potentialAction\":[{\"@type\":\"SearchAction\",\"target\":{\"@type\":\"EntryPoint\",\"urlTemplate\":\"https:\/\/iealitoral.com\/?s={search_term_string}\"},\"query-input\":{\"@type\":\"PropertyValueSpecification\",\"valueRequired\":true,\"valueName\":\"search_term_string\"}}],\"inLanguage\":\"en-GB\"},{\"@type\":\"Organization\",\"@id\":\"https:\/\/iealitoral.com\/#organization\",\"name\":\"IEA Litoral\",\"url\":\"https:\/\/iealitoral.com\/\",\"logo\":{\"@type\":\"ImageObject\",\"inLanguage\":\"en-GB\",\"@id\":\"https:\/\/iealitoral.com\/#\/schema\/logo\/image\/\",\"url\":\"https:\/\/iealitoral.com.ar\/wp-content\/uploads\/2023\/09\/fo-e1694701801817.png\",\"contentUrl\":\"https:\/\/iealitoral.com.ar\/wp-content\/uploads\/2023\/09\/fo-e1694701801817.png\",\"width\":417,\"height\":244,\"caption\":\"IEA Litoral\"},\"image\":{\"@id\":\"https:\/\/iealitoral.com\/#\/schema\/logo\/image\/\"},\"sameAs\":[\"https:\/\/www.facebook.com\/UNLitoralAr\/\",\"https:\/\/x.com\/unlitoral\"]}]}<\/script>\n<!-- \/ Yoast SEO plugin. -->","yoast_head_json":{"title":"Residentes - IEA Litoral","description":"Residentes - IEA Litoral - Instituto de Estudios Avanzados del Litoral - Objetivo: Conformar una comunidad acad\u00e9mica internacional.","robots":{"index":"index","follow":"follow","max-snippet":"max-snippet:-1","max-image-preview":"max-image-preview:large","max-video-preview":"max-video-preview:-1"},"canonical":"https:\/\/iealitoral.com\/en\/residentes\/","og_locale":"en_GB","og_type":"article","og_title":"Residentes - IEA Litoral","og_description":"Residentes - IEA Litoral - Instituto de Estudios Avanzados del Litoral - Objetivo: Conformar una comunidad acad\u00e9mica internacional.","og_url":"https:\/\/iealitoral.com\/en\/residentes\/","og_site_name":"IEA Litoral","article_publisher":"https:\/\/www.facebook.com\/UNLitoralAr\/","article_modified_time":"2023-11-21T12:23:59+00:00","og_image":[{"width":417,"height":417,"url":"https:\/\/iealitoral.com\/wp-content\/uploads\/2023\/09\/IEA-ID-V3-1-44-1.png","type":"image\/png"}],"twitter_card":"summary_large_image","twitter_site":"@unlitoral","twitter_misc":{"Est. reading time":"2 minutes"},"schema":{"@context":"https:\/\/schema.org","@graph":[{"@type":"WebPage","@id":"https:\/\/iealitoral.com\/residentes\/","url":"https:\/\/iealitoral.com\/residentes\/","name":"Residentes - IEA Litoral","isPartOf":{"@id":"https:\/\/iealitoral.com\/#website"},"primaryImageOfPage":{"@id":"https:\/\/iealitoral.com\/residentes\/#primaryimage"},"image":{"@id":"https:\/\/iealitoral.com\/residentes\/#primaryimage"},"thumbnailUrl":"https:\/\/iealitoral.com\/wp-content\/uploads\/2023\/09\/IEA-ID-V3-1-44-1.png","datePublished":"2023-09-07T21:17:28+00:00","dateModified":"2023-11-21T12:23:59+00:00","description":"Residentes - IEA Litoral - Instituto de Estudios Avanzados del Litoral - Objetivo: Conformar una comunidad acad\u00e9mica internacional.","breadcrumb":{"@id":"https:\/\/iealitoral.com\/residentes\/#breadcrumb"},"inLanguage":"en-GB","potentialAction":[{"@type":"ReadAction","target":["https:\/\/iealitoral.com\/residentes\/"]}]},{"@type":"ImageObject","inLanguage":"en-GB","@id":"https:\/\/iealitoral.com\/residentes\/#primaryimage","url":"https:\/\/iealitoral.com\/wp-content\/uploads\/2023\/09\/IEA-ID-V3-1-44-1.png","contentUrl":"https:\/\/iealitoral.com\/wp-content\/uploads\/2023\/09\/IEA-ID-V3-1-44-1.png","width":417,"height":417,"caption":"IEA Litoral"},{"@type":"BreadcrumbList","@id":"https:\/\/iealitoral.com\/residentes\/#breadcrumb","itemListElement":[{"@type":"ListItem","position":1,"name":"Portada","item":"https:\/\/iealitoral.com\/"},{"@type":"ListItem","position":2,"name":"Residentes"}]},{"@type":"WebSite","@id":"https:\/\/iealitoral.com\/#website","url":"https:\/\/iealitoral.com\/","name":"IEA Litoral","description":"","publisher":{"@id":"https:\/\/iealitoral.com\/#organization"},"potentialAction":[{"@type":"SearchAction","target":{"@type":"EntryPoint","urlTemplate":"https:\/\/iealitoral.com\/?s={search_term_string}"},"query-input":{"@type":"PropertyValueSpecification","valueRequired":true,"valueName":"search_term_string"}}],"inLanguage":"en-GB"},{"@type":"Organization","@id":"https:\/\/iealitoral.com\/#organization","name":"IEA Litoral","url":"https:\/\/iealitoral.com\/","logo":{"@type":"ImageObject","inLanguage":"en-GB","@id":"https:\/\/iealitoral.com\/#\/schema\/logo\/image\/","url":"https:\/\/iealitoral.com.ar\/wp-content\/uploads\/2023\/09\/fo-e1694701801817.png","contentUrl":"https:\/\/iealitoral.com.ar\/wp-content\/uploads\/2023\/09\/fo-e1694701801817.png","width":417,"height":244,"caption":"IEA Litoral"},"image":{"@id":"https:\/\/iealitoral.com\/#\/schema\/logo\/image\/"},"sameAs":["https:\/\/www.facebook.com\/UNLitoralAr\/","https:\/\/x.com\/unlitoral"]}]}},"rttpg_featured_image_url":{"full":["https:\/\/iealitoral.com\/wp-content\/uploads\/2023\/09\/IEA-ID-V3-1-44-1.png",417,417,false],"landscape":["https:\/\/iealitoral.com\/wp-content\/uploads\/2023\/09\/IEA-ID-V3-1-44-1.png",417,417,false],"portraits":["https:\/\/iealitoral.com\/wp-content\/uploads\/2023\/09\/IEA-ID-V3-1-44-1.png",417,417,false],"thumbnail":["https:\/\/iealitoral.com\/wp-content\/uploads\/2023\/09\/IEA-ID-V3-1-44-1-150x150.png",150,150,true],"medium":["https:\/\/iealitoral.com\/wp-content\/uploads\/2023\/09\/IEA-ID-V3-1-44-1-300x300.png",300,300,true],"large":["https:\/\/iealitoral.com\/wp-content\/uploads\/2023\/09\/IEA-ID-V3-1-44-1.png",417,417,false],"1536x1536":["https:\/\/iealitoral.com\/wp-content\/uploads\/2023\/09\/IEA-ID-V3-1-44-1.png",417,417,false],"2048x2048":["https:\/\/iealitoral.com\/wp-content\/uploads\/2023\/09\/IEA-ID-V3-1-44-1.png",417,417,false],"trp-custom-language-flag":["https:\/\/iealitoral.com\/wp-content\/uploads\/2023\/09\/IEA-ID-V3-1-44-1.png",12,12,false],"consultio-large":["https:\/\/iealitoral.com\/wp-content\/uploads\/2023\/09\/IEA-ID-V3-1-44-1-417x313.png",417,313,true],"consultio-medium":["https:\/\/iealitoral.com\/wp-content\/uploads\/2023\/09\/IEA-ID-V3-1-44-1.png",417,417,false]},"rttpg_author":{"display_name":"litoral","author_link":"https:\/\/iealitoral.com\/en\/author\/litoral\/"},"rttpg_comment":0,"rttpg_category":null,"rttpg_excerpt":"RESIDENTES RESIDENTES En el IEA Litoral existen dos tipos de categor\u00edas de investigadores residentes individuales: 1 &#8211; Investigadores residentes seniors, quienes acrediten 10 a\u00f1os continuos de investigaci\u00f3n luego de la [&hellip;]","_links":{"self":[{"href":"https:\/\/iealitoral.com\/en\/wp-json\/wp\/v2\/pages\/5446","targetHints":{"allow":["GET"]}}],"collection":[{"href":"https:\/\/iealitoral.com\/en\/wp-json\/wp\/v2\/pages"}],"about":[{"href":"https:\/\/iealitoral.com\/en\/wp-json\/wp\/v2\/types\/page"}],"author":[{"embeddable":true,"href":"https:\/\/iealitoral.com\/en\/wp-json\/wp\/v2\/users\/3"}],"replies":[{"embeddable":true,"href":"https:\/\/iealitoral.com\/en\/wp-json\/wp\/v2\/comments?post=5446"}],"version-history":[{"count":0,"href":"https:\/\/iealitoral.com\/en\/wp-json\/wp\/v2\/pages\/5446\/revisions"}],"wp:featuredmedia":[{"embeddable":true,"href":"https:\/\/iealitoral.com\/en\/wp-json\/wp\/v2\/media\/5341"}],"wp:attachment":[{"href":"https:\/\/iealitoral.com\/en\/wp-json\/wp\/v2\/media?parent=5446"}],"curies":[{"name":"wp","href":"https:\/\/api.w.org\/{rel}","templated":true}]}}