{"id":10638,"date":"2026-03-04T14:10:52","date_gmt":"2026-03-04T14:10:52","guid":{"rendered":"https:\/\/iealitoral.com\/?page_id=10638"},"modified":"2026-03-04T14:30:12","modified_gmt":"2026-03-04T14:30:12","slug":"residentes-2026","status":"publish","type":"page","link":"https:\/\/iealitoral.com\/en\/residentes\/residentes-2026\/","title":{"rendered":"Residentes 2026"},"content":{"rendered":"<div data-elementor-type=\"wp-page\" data-elementor-id=\"10638\" class=\"elementor elementor-10638\" data-elementor-post-type=\"page\">\n\t\t\t\t        <section class=\"elementor-section elementor-top-section elementor-element elementor-element-349b33d elementor-section-full_width elementor-section-stretched elementor-section-height-default elementor-section-height-default ct-header-fixed-none ct-row-max-none\" data-id=\"349b33d\" data-element_type=\"section\" data-settings=\"{&quot;stretch_section&quot;:&quot;section-stretched&quot;,&quot;background_background&quot;:&quot;classic&quot;}\">\n            \n                        <div class=\"elementor-container elementor-column-gap-default\">\n                    <div class=\"elementor-column elementor-col-100 elementor-top-column elementor-element elementor-element-bdde43b\" data-id=\"bdde43b\" data-element_type=\"column\">\n        <div class=\"elementor-widget-wrap elementor-element-populated\">\n                    \n                <section class=\"elementor-section elementor-inner-section elementor-element elementor-element-4f98458 elementor-section-boxed elementor-section-height-default elementor-section-height-default ct-header-fixed-none ct-row-max-none\" data-id=\"4f98458\" data-element_type=\"section\">\n            \n                        <div class=\"elementor-container elementor-column-gap-default\">\n                    <div class=\"elementor-column elementor-col-100 elementor-inner-column elementor-element elementor-element-dd55165\" data-id=\"dd55165\" data-element_type=\"column\">\n        <div class=\"elementor-widget-wrap elementor-element-populated\">\n                    \n        \t\t<div class=\"elementor-element elementor-element-e47d00e elementor-widget__width-initial elementor-widget elementor-widget-heading\" data-id=\"e47d00e\" data-element_type=\"widget\" data-widget_type=\"heading.default\">\n\t\t\t\t<div class=\"elementor-widget-container\">\n\t\t\t<h4 class=\"elementor-heading-title elementor-size-default\">RESIDENTS<br>2026<\/h4>\t\t<\/div>\n\t\t\t\t<\/div>\n\t\t            <\/div>\n        <\/div>\n                    <\/div>\n        <\/section>\n                    <\/div>\n        <\/div>\n                    <\/div>\n        <\/section>\n                <section class=\"elementor-section elementor-top-section elementor-element elementor-element-0f6abfa elementor-section-boxed elementor-section-height-default elementor-section-height-default ct-header-fixed-none ct-row-max-none\" data-id=\"0f6abfa\" data-element_type=\"section\" data-settings=\"{&quot;background_background&quot;:&quot;classic&quot;}\">\n            \n                        <div class=\"elementor-container elementor-column-gap-extended\">\n                    <div class=\"elementor-column elementor-col-100 elementor-top-column elementor-element elementor-element-8f5cb88\" data-id=\"8f5cb88\" data-element_type=\"column\">\n        <div class=\"elementor-widget-wrap elementor-element-populated\">\n                    \n        \t\t<div class=\"elementor-element elementor-element-ba20f07 elementor-widget elementor-widget-heading\" data-id=\"ba20f07\" data-element_type=\"widget\" data-widget_type=\"heading.default\">\n\t\t\t\t<div class=\"elementor-widget-container\">\n\t\t\t<h3 class=\"elementor-heading-title elementor-size-default\">ESTAD\u00cdAS CORTAS<\/h3>\t\t<\/div>\n\t\t\t\t<\/div>\n\t\t            <\/div>\n        <\/div>\n                    <\/div>\n        <\/section>\n                <section class=\"elementor-section elementor-top-section elementor-element elementor-element-ec00d71 elementor-section-boxed elementor-section-height-default elementor-section-height-default ct-header-fixed-none ct-row-max-none elementor-invisible\" data-id=\"ec00d71\" data-element_type=\"section\" data-settings=\"{&quot;animation&quot;:&quot;fadeIn&quot;}\">\n            \n                        <div class=\"elementor-container elementor-column-gap-no\">\n                    <div class=\"elementor-column elementor-col-33 elementor-top-column elementor-element elementor-element-bdb3a2b\" data-id=\"bdb3a2b\" data-element_type=\"column\" data-settings=\"{&quot;background_background&quot;:&quot;classic&quot;}\">\n        <div class=\"elementor-widget-wrap elementor-element-populated\">\n                    \n        \t\t<div class=\"elementor-element elementor-element-71e94c1 elementor-widget elementor-widget-image\" data-id=\"71e94c1\" data-element_type=\"widget\" data-widget_type=\"image.default\">\n\t\t\t\t<div class=\"elementor-widget-container\">\n\t\t\t\t\t\t\t\t\t\t\t\t\t<img fetchpriority=\"high\" decoding=\"async\" width=\"2000\" height=\"2000\" src=\"https:\/\/iealitoral.com\/wp-content\/uploads\/2026\/03\/Diseno-sin-titulo-3.png\" class=\"elementor-animation-shrink attachment-full size-full wp-image-10641\" alt=\"\" \/>\t\t\t\t\t\t\t\t\t\t\t\t\t<\/div>\n\t\t\t\t<\/div>\n\t\t            <\/div>\n        <\/div>\n                <div class=\"elementor-column elementor-col-66 elementor-top-column elementor-element elementor-element-b7a655c\" data-id=\"b7a655c\" data-element_type=\"column\" data-settings=\"{&quot;background_background&quot;:&quot;classic&quot;}\">\n        <div class=\"elementor-widget-wrap elementor-element-populated\">\n                    \n        \t\t<div class=\"elementor-element elementor-element-f814c54 elementor-widget elementor-widget-heading\" data-id=\"f814c54\" data-element_type=\"widget\" data-widget_type=\"heading.default\">\n\t\t\t\t<div class=\"elementor-widget-container\">\n\t\t\t<h3 class=\"elementor-heading-title elementor-size-default\">Andreas Gutmann<\/h3>\t\t<\/div>\n\t\t\t\t<\/div>\n\t\t\t\t<div class=\"elementor-element elementor-element-5fbb162 elementor-widget elementor-widget-text-editor\" data-id=\"5fbb162\" data-element_type=\"widget\" data-widget_type=\"text-editor.default\">\n\t\t\t\t<div class=\"elementor-widget-container\">\n\t\t\t\t\t\t\t<p><strong>Universidad de Kassel, Alemania<\/strong><\/p>\n<p>Estad\u00eda: Febrero-Marzo 2026.<\/p>\n<p><span style=\"font-weight: 400;\">Proyecto:&nbsp;<\/span><i>Monitoreo de la implementaci\u00f3n en Argentina del Reglamento Europeo&nbsp;<\/i><i style=\"color: inherit; font-weight: inherit; letter-spacing: 0px;\">sobre productos libres de deforestaci\u00f3n<\/i><\/p>\n<p>Dr. Andreas Gutmann estudi\u00f3 Derecho en Friburgo (Alemania) y Santa Marta (Colombia) y obtuvo un doctorado por la Universidad de Bremen (Alemania) por una tesis sobre los Derechos de la Naturaleza en Ecuador. Realiz\u00f3 sus pr\u00e1cticas jur\u00eddicas (Referendariat) en el Tribunal de Apelaci\u00f3n de Berl\u00edn y actualmente trabaja como investigador posdoctoral en el Kassel Institute for Sustainability de la Universidad de Kassel (Alemania). Sus intereses de investigaci\u00f3n son Derechos de la Naturaleza, extractivismo, teor\u00eda jur\u00eddica cr\u00edtica y derecho poscolonial.<\/p>\t\t\t\t\t\t<\/div>\n\t\t\t\t<\/div>\n\t\t            <\/div>\n        <\/div>\n                    <\/div>\n        <\/section>\n        \t\t<\/div>","protected":false},"excerpt":{"rendered":"<p>RESIDENTES2026 ESTAD\u00cdAS CORTAS Andreas Gutmann Universidad de Kassel, Alemania Estad\u00eda: Febrero-Marzo 2026. Proyecto:&nbsp;Monitoreo de la implementaci\u00f3n en Argentina del Reglamento Europeo&nbsp;sobre productos libres de deforestaci\u00f3n Dr. Andreas Gutmann estudi\u00f3 Derecho [&hellip;]<\/p>","protected":false},"author":4,"featured_media":5341,"parent":5446,"menu_order":0,"comment_status":"closed","ping_status":"closed","template":"","meta":{"footnotes":""},"class_list":["post-10638","page","type-page","status-publish","has-post-thumbnail","hentry"],"yoast_head":"<!-- This site is optimized with the Yoast SEO plugin v23.9 - https:\/\/yoast.com\/wordpress\/plugins\/seo\/ -->\n<title>Residentes 2026 - IEA Litoral<\/title>\n<meta name=\"description\" content=\"Residentes 2023 - IEA Litoral - Instituto de Estudios Avanzados del Litoral - Objetivo: Conformar una comunidad acad\u00e9mica internacional.\" \/>\n<meta name=\"robots\" content=\"index, follow, max-snippet:-1, max-image-preview:large, max-video-preview:-1\" \/>\n<link rel=\"canonical\" href=\"https:\/\/iealitoral.com\/en\/residentes\/residentes-2026\/\" \/>\n<meta property=\"og:locale\" content=\"en_GB\" \/>\n<meta property=\"og:type\" content=\"article\" \/>\n<meta property=\"og:title\" content=\"Residentes 2026 - IEA Litoral\" \/>\n<meta property=\"og:description\" content=\"Residentes 2023 - IEA Litoral - Instituto de Estudios Avanzados del Litoral - Objetivo: Conformar una comunidad acad\u00e9mica internacional.\" \/>\n<meta property=\"og:url\" content=\"https:\/\/iealitoral.com\/en\/residentes\/residentes-2026\/\" \/>\n<meta property=\"og:site_name\" content=\"IEA Litoral\" \/>\n<meta property=\"article:publisher\" content=\"https:\/\/www.facebook.com\/UNLitoralAr\/\" \/>\n<meta property=\"article:modified_time\" content=\"2026-03-04T14:30:12+00:00\" \/>\n<meta property=\"og:image\" content=\"https:\/\/iealitoral.com\/wp-content\/uploads\/2023\/09\/IEA-ID-V3-1-44-1.png\" \/>\n\t<meta property=\"og:image:width\" content=\"417\" \/>\n\t<meta property=\"og:image:height\" content=\"417\" \/>\n\t<meta property=\"og:image:type\" content=\"image\/png\" \/>\n<meta name=\"twitter:card\" content=\"summary_large_image\" \/>\n<meta name=\"twitter:site\" content=\"@unlitoral\" \/>\n<meta name=\"twitter:label1\" content=\"Est. reading time\" \/>\n\t<meta name=\"twitter:data1\" content=\"1 minute\" \/>\n<script type=\"application\/ld+json\" class=\"yoast-schema-graph\">{\"@context\":\"https:\/\/schema.org\",\"@graph\":[{\"@type\":\"WebPage\",\"@id\":\"https:\/\/iealitoral.com\/residentes\/residentes-2026\/\",\"url\":\"https:\/\/iealitoral.com\/residentes\/residentes-2026\/\",\"name\":\"Residentes 2026 - IEA Litoral\",\"isPartOf\":{\"@id\":\"https:\/\/iealitoral.com\/#website\"},\"primaryImageOfPage\":{\"@id\":\"https:\/\/iealitoral.com\/residentes\/residentes-2026\/#primaryimage\"},\"image\":{\"@id\":\"https:\/\/iealitoral.com\/residentes\/residentes-2026\/#primaryimage\"},\"thumbnailUrl\":\"https:\/\/iealitoral.com\/wp-content\/uploads\/2023\/09\/IEA-ID-V3-1-44-1.png\",\"datePublished\":\"2026-03-04T14:10:52+00:00\",\"dateModified\":\"2026-03-04T14:30:12+00:00\",\"description\":\"Residentes 2023 - IEA Litoral - Instituto de Estudios Avanzados del Litoral - Objetivo: Conformar una comunidad acad\u00e9mica internacional.\",\"breadcrumb\":{\"@id\":\"https:\/\/iealitoral.com\/residentes\/residentes-2026\/#breadcrumb\"},\"inLanguage\":\"en-GB\",\"potentialAction\":[{\"@type\":\"ReadAction\",\"target\":[\"https:\/\/iealitoral.com\/residentes\/residentes-2026\/\"]}]},{\"@type\":\"ImageObject\",\"inLanguage\":\"en-GB\",\"@id\":\"https:\/\/iealitoral.com\/residentes\/residentes-2026\/#primaryimage\",\"url\":\"https:\/\/iealitoral.com\/wp-content\/uploads\/2023\/09\/IEA-ID-V3-1-44-1.png\",\"contentUrl\":\"https:\/\/iealitoral.com\/wp-content\/uploads\/2023\/09\/IEA-ID-V3-1-44-1.png\",\"width\":417,\"height\":417,\"caption\":\"IEA Litoral\"},{\"@type\":\"BreadcrumbList\",\"@id\":\"https:\/\/iealitoral.com\/residentes\/residentes-2026\/#breadcrumb\",\"itemListElement\":[{\"@type\":\"ListItem\",\"position\":1,\"name\":\"Portada\",\"item\":\"https:\/\/iealitoral.com\/\"},{\"@type\":\"ListItem\",\"position\":2,\"name\":\"Residentes\",\"item\":\"https:\/\/iealitoral.com\/residentes\/\"},{\"@type\":\"ListItem\",\"position\":3,\"name\":\"Residentes 2026\"}]},{\"@type\":\"WebSite\",\"@id\":\"https:\/\/iealitoral.com\/#website\",\"url\":\"https:\/\/iealitoral.com\/\",\"name\":\"IEA Litoral\",\"description\":\"\",\"publisher\":{\"@id\":\"https:\/\/iealitoral.com\/#organization\"},\"potentialAction\":[{\"@type\":\"SearchAction\",\"target\":{\"@type\":\"EntryPoint\",\"urlTemplate\":\"https:\/\/iealitoral.com\/?s={search_term_string}\"},\"query-input\":{\"@type\":\"PropertyValueSpecification\",\"valueRequired\":true,\"valueName\":\"search_term_string\"}}],\"inLanguage\":\"en-GB\"},{\"@type\":\"Organization\",\"@id\":\"https:\/\/iealitoral.com\/#organization\",\"name\":\"IEA Litoral\",\"url\":\"https:\/\/iealitoral.com\/\",\"logo\":{\"@type\":\"ImageObject\",\"inLanguage\":\"en-GB\",\"@id\":\"https:\/\/iealitoral.com\/#\/schema\/logo\/image\/\",\"url\":\"https:\/\/iealitoral.com.ar\/wp-content\/uploads\/2023\/09\/fo-e1694701801817.png\",\"contentUrl\":\"https:\/\/iealitoral.com.ar\/wp-content\/uploads\/2023\/09\/fo-e1694701801817.png\",\"width\":417,\"height\":244,\"caption\":\"IEA Litoral\"},\"image\":{\"@id\":\"https:\/\/iealitoral.com\/#\/schema\/logo\/image\/\"},\"sameAs\":[\"https:\/\/www.facebook.com\/UNLitoralAr\/\",\"https:\/\/x.com\/unlitoral\"]}]}<\/script>\n<!-- \/ Yoast SEO plugin. -->","yoast_head_json":{"title":"Residentes 2026 - IEA Litoral","description":"Residentes 2023 - IEA Litoral - Instituto de Estudios Avanzados del Litoral - Objetivo: Conformar una comunidad acad\u00e9mica internacional.","robots":{"index":"index","follow":"follow","max-snippet":"max-snippet:-1","max-image-preview":"max-image-preview:large","max-video-preview":"max-video-preview:-1"},"canonical":"https:\/\/iealitoral.com\/en\/residentes\/residentes-2026\/","og_locale":"en_GB","og_type":"article","og_title":"Residentes 2026 - IEA Litoral","og_description":"Residentes 2023 - IEA Litoral - Instituto de Estudios Avanzados del Litoral - Objetivo: Conformar una comunidad acad\u00e9mica internacional.","og_url":"https:\/\/iealitoral.com\/en\/residentes\/residentes-2026\/","og_site_name":"IEA Litoral","article_publisher":"https:\/\/www.facebook.com\/UNLitoralAr\/","article_modified_time":"2026-03-04T14:30:12+00:00","og_image":[{"width":417,"height":417,"url":"https:\/\/iealitoral.com\/wp-content\/uploads\/2023\/09\/IEA-ID-V3-1-44-1.png","type":"image\/png"}],"twitter_card":"summary_large_image","twitter_site":"@unlitoral","twitter_misc":{"Est. reading time":"1 minute"},"schema":{"@context":"https:\/\/schema.org","@graph":[{"@type":"WebPage","@id":"https:\/\/iealitoral.com\/residentes\/residentes-2026\/","url":"https:\/\/iealitoral.com\/residentes\/residentes-2026\/","name":"Residentes 2026 - IEA Litoral","isPartOf":{"@id":"https:\/\/iealitoral.com\/#website"},"primaryImageOfPage":{"@id":"https:\/\/iealitoral.com\/residentes\/residentes-2026\/#primaryimage"},"image":{"@id":"https:\/\/iealitoral.com\/residentes\/residentes-2026\/#primaryimage"},"thumbnailUrl":"https:\/\/iealitoral.com\/wp-content\/uploads\/2023\/09\/IEA-ID-V3-1-44-1.png","datePublished":"2026-03-04T14:10:52+00:00","dateModified":"2026-03-04T14:30:12+00:00","description":"Residentes 2023 - IEA Litoral - Instituto de Estudios Avanzados del Litoral - Objetivo: Conformar una comunidad acad\u00e9mica internacional.","breadcrumb":{"@id":"https:\/\/iealitoral.com\/residentes\/residentes-2026\/#breadcrumb"},"inLanguage":"en-GB","potentialAction":[{"@type":"ReadAction","target":["https:\/\/iealitoral.com\/residentes\/residentes-2026\/"]}]},{"@type":"ImageObject","inLanguage":"en-GB","@id":"https:\/\/iealitoral.com\/residentes\/residentes-2026\/#primaryimage","url":"https:\/\/iealitoral.com\/wp-content\/uploads\/2023\/09\/IEA-ID-V3-1-44-1.png","contentUrl":"https:\/\/iealitoral.com\/wp-content\/uploads\/2023\/09\/IEA-ID-V3-1-44-1.png","width":417,"height":417,"caption":"IEA Litoral"},{"@type":"BreadcrumbList","@id":"https:\/\/iealitoral.com\/residentes\/residentes-2026\/#breadcrumb","itemListElement":[{"@type":"ListItem","position":1,"name":"Portada","item":"https:\/\/iealitoral.com\/"},{"@type":"ListItem","position":2,"name":"Residentes","item":"https:\/\/iealitoral.com\/residentes\/"},{"@type":"ListItem","position":3,"name":"Residentes 2026"}]},{"@type":"WebSite","@id":"https:\/\/iealitoral.com\/#website","url":"https:\/\/iealitoral.com\/","name":"IEA Litoral","description":"","publisher":{"@id":"https:\/\/iealitoral.com\/#organization"},"potentialAction":[{"@type":"SearchAction","target":{"@type":"EntryPoint","urlTemplate":"https:\/\/iealitoral.com\/?s={search_term_string}"},"query-input":{"@type":"PropertyValueSpecification","valueRequired":true,"valueName":"search_term_string"}}],"inLanguage":"en-GB"},{"@type":"Organization","@id":"https:\/\/iealitoral.com\/#organization","name":"IEA Litoral","url":"https:\/\/iealitoral.com\/","logo":{"@type":"ImageObject","inLanguage":"en-GB","@id":"https:\/\/iealitoral.com\/#\/schema\/logo\/image\/","url":"https:\/\/iealitoral.com.ar\/wp-content\/uploads\/2023\/09\/fo-e1694701801817.png","contentUrl":"https:\/\/iealitoral.com.ar\/wp-content\/uploads\/2023\/09\/fo-e1694701801817.png","width":417,"height":244,"caption":"IEA Litoral"},"image":{"@id":"https:\/\/iealitoral.com\/#\/schema\/logo\/image\/"},"sameAs":["https:\/\/www.facebook.com\/UNLitoralAr\/","https:\/\/x.com\/unlitoral"]}]}},"rttpg_featured_image_url":{"full":["https:\/\/iealitoral.com\/wp-content\/uploads\/2023\/09\/IEA-ID-V3-1-44-1.png",417,417,false],"landscape":["https:\/\/iealitoral.com\/wp-content\/uploads\/2023\/09\/IEA-ID-V3-1-44-1.png",417,417,false],"portraits":["https:\/\/iealitoral.com\/wp-content\/uploads\/2023\/09\/IEA-ID-V3-1-44-1.png",417,417,false],"thumbnail":["https:\/\/iealitoral.com\/wp-content\/uploads\/2023\/09\/IEA-ID-V3-1-44-1-150x150.png",150,150,true],"medium":["https:\/\/iealitoral.com\/wp-content\/uploads\/2023\/09\/IEA-ID-V3-1-44-1-300x300.png",300,300,true],"large":["https:\/\/iealitoral.com\/wp-content\/uploads\/2023\/09\/IEA-ID-V3-1-44-1.png",417,417,false],"1536x1536":["https:\/\/iealitoral.com\/wp-content\/uploads\/2023\/09\/IEA-ID-V3-1-44-1.png",417,417,false],"2048x2048":["https:\/\/iealitoral.com\/wp-content\/uploads\/2023\/09\/IEA-ID-V3-1-44-1.png",417,417,false],"trp-custom-language-flag":["https:\/\/iealitoral.com\/wp-content\/uploads\/2023\/09\/IEA-ID-V3-1-44-1.png",12,12,false],"consultio-large":["https:\/\/iealitoral.com\/wp-content\/uploads\/2023\/09\/IEA-ID-V3-1-44-1-417x313.png",417,313,true],"consultio-medium":["https:\/\/iealitoral.com\/wp-content\/uploads\/2023\/09\/IEA-ID-V3-1-44-1.png",417,417,false]},"rttpg_author":{"display_name":"adminlitoral","author_link":"https:\/\/iealitoral.com\/en\/author\/adminlitoral\/"},"rttpg_comment":0,"rttpg_category":null,"rttpg_excerpt":"RESIDENTES2026 ESTAD\u00cdAS CORTAS Andreas Gutmann Universidad de Kassel, Alemania Estad\u00eda: Febrero-Marzo 2026. Proyecto:&nbsp;Monitoreo de la implementaci\u00f3n en Argentina del Reglamento Europeo&nbsp;sobre productos libres de deforestaci\u00f3n Dr. Andreas Gutmann estudi\u00f3 Derecho [&hellip;]","_links":{"self":[{"href":"https:\/\/iealitoral.com\/en\/wp-json\/wp\/v2\/pages\/10638","targetHints":{"allow":["GET"]}}],"collection":[{"href":"https:\/\/iealitoral.com\/en\/wp-json\/wp\/v2\/pages"}],"about":[{"href":"https:\/\/iealitoral.com\/en\/wp-json\/wp\/v2\/types\/page"}],"author":[{"embeddable":true,"href":"https:\/\/iealitoral.com\/en\/wp-json\/wp\/v2\/users\/4"}],"replies":[{"embeddable":true,"href":"https:\/\/iealitoral.com\/en\/wp-json\/wp\/v2\/comments?post=10638"}],"version-history":[{"count":5,"href":"https:\/\/iealitoral.com\/en\/wp-json\/wp\/v2\/pages\/10638\/revisions"}],"predecessor-version":[{"id":10647,"href":"https:\/\/iealitoral.com\/en\/wp-json\/wp\/v2\/pages\/10638\/revisions\/10647"}],"up":[{"embeddable":true,"href":"https:\/\/iealitoral.com\/en\/wp-json\/wp\/v2\/pages\/5446"}],"wp:featuredmedia":[{"embeddable":true,"href":"https:\/\/iealitoral.com\/en\/wp-json\/wp\/v2\/media\/5341"}],"wp:attachment":[{"href":"https:\/\/iealitoral.com\/en\/wp-json\/wp\/v2\/media?parent=10638"}],"curies":[{"name":"wp","href":"https:\/\/api.w.org\/{rel}","templated":true}]}}